{"id":24382,"date":"2025-12-19T00:36:38","date_gmt":"2025-12-18T21:36:38","guid":{"rendered":"https:\/\/primespoof.com\/?post_type=product&#038;p=24382"},"modified":"2026-01-11T04:08:23","modified_gmt":"2026-01-11T01:08:23","slug":"tpm-bypass","status":"publish","type":"product","link":"https:\/\/primespoof.com\/en\/product\/tpm-bypass\/","title":{"rendered":"TPM Bypass"},"content":{"rendered":"<p data-start=\"340\" data-end=\"518\">This product, <strong data-start=\"349\" data-end=\"417\">In software that implements TPM (Trusted Platform Module) requirement<\/strong>is a bypass solution that allows the system to pass the relevant controls by bypassing hardware constraints.<\/p>\n<p data-start=\"520\" data-end=\"805\">It disables the hardware verification mechanisms applied on various software and platforms that require TPM. Thus, it becomes possible to use software on TPM-free or incompatible systems without the need for hardware upgrades.<\/p>\n<p data-start=\"807\" data-end=\"815\">Solution;<\/p>\n<ul data-start=\"816\" data-end=\"1091\">\n<li data-start=\"816\" data-end=\"879\">\n<p data-start=\"818\" data-end=\"879\">TPM based <strong data-start=\"830\" data-end=\"865\">hardware validation checks<\/strong> bypasses<\/p>\n<\/li>\n<li data-start=\"880\" data-end=\"957\">\n<p data-start=\"882\" data-end=\"957\">It comes into play during the operating system installation or software startup phase<\/p>\n<\/li>\n<li data-start=\"958\" data-end=\"1026\">\n<p data-start=\"960\" data-end=\"1026\">On hardware <strong data-start=\"977\" data-end=\"1024\">requires no physical or permanent changes<\/strong><\/p>\n<\/li>\n<li data-start=\"1027\" data-end=\"1091\">\n<p data-start=\"1029\" data-end=\"1091\">For home users <strong data-start=\"1051\" data-end=\"1070\">practical and fast<\/strong> offers a use<\/p>\n<\/li>\n<\/ul>\n<p data-start=\"1093\" data-end=\"1244\">The product is not limited to a specific operating system; it is designed to be used in different software scenarios that implement a TPM requirement.<\/p>\n<p data-start=\"1093\" data-end=\"1244\">TPM bypass solutions, <strong data-start=\"1329\" data-end=\"1420\">exceeding TPM activity controls mandated by games or software<\/strong> can also be used for this purpose.<\/p>","protected":false},"excerpt":{"rendered":"<p>This product is a bypass solution for software that implements TPM (Trusted Platform Module) requirements, allowing the system to pass the relevant controls by bypassing hardware restrictions.<\/p>","protected":false},"featured_media":24440,"comment_status":"closed","ping_status":"closed","template":"","meta":[],"product_brand":[],"product_cat":[74],"product_tag":[],"class_list":{"0":"post-24382","1":"product","2":"type-product","3":"status-publish","4":"has-post-thumbnail","6":"product_cat-guvenlik-yazilimlari","8":"first","9":"instock","10":"shipping-taxable","11":"purchasable","12":"product-type-variable"},"yoast_head":"<!-- This site is optimized with the Yoast SEO plugin v26.1.1 - https:\/\/yoast.com\/wordpress\/plugins\/seo\/ -->\n<title>TPM Bypass: TPM Zorunlulu\u011funu Atlatmak<\/title>\n<meta name=\"description\" content=\"TPM gereksinimi nedeniyle k\u0131s\u0131tlanan sistemlerde donan\u0131m y\u00fckseltmeye gerek kalmadan TPM kontrollerini bypass eden pratik ve teknik \u00e7\u00f6z\u00fcm.\" \/>\n<meta name=\"robots\" content=\"index, follow, max-snippet:-1, max-image-preview:large, max-video-preview:-1\" \/>\n<link rel=\"canonical\" href=\"https:\/\/primespoof.com\/en\/product\/tpm-bypass\/\" \/>\n<meta property=\"og:locale\" content=\"en_US\" \/>\n<meta property=\"og:type\" content=\"article\" \/>\n<meta property=\"og:title\" content=\"TPM Bypass: TPM Zorunlulu\u011funu Atlatmak\" \/>\n<meta property=\"og:description\" content=\"TPM gereksinimi nedeniyle k\u0131s\u0131tlanan sistemlerde donan\u0131m y\u00fckseltmeye gerek kalmadan TPM kontrollerini bypass eden pratik ve teknik \u00e7\u00f6z\u00fcm.\" \/>\n<meta property=\"og:url\" content=\"https:\/\/primespoof.com\/en\/product\/tpm-bypass\/\" \/>\n<meta property=\"og:site_name\" content=\"Prime Spoof\" \/>\n<meta property=\"article:modified_time\" content=\"2026-01-11T01:08:23+00:00\" \/>\n<meta property=\"og:image\" content=\"https:\/\/primespoof.com\/wp-content\/uploads\/2025\/12\/tpm-bypass-minimal.webp\" \/>\n\t<meta property=\"og:image:width\" content=\"1024\" \/>\n\t<meta property=\"og:image:height\" content=\"1024\" \/>\n\t<meta property=\"og:image:type\" content=\"image\/webp\" \/>\n<meta name=\"twitter:card\" content=\"summary_large_image\" \/>\n<meta name=\"twitter:label1\" content=\"Est. reading time\" \/>\n\t<meta name=\"twitter:data1\" content=\"1 minute\" \/>\n<script type=\"application\/ld+json\" class=\"yoast-schema-graph\">{\"@context\":\"https:\/\/schema.org\",\"@graph\":[{\"@type\":\"WebPage\",\"@id\":\"https:\/\/primespoof.com\/urun\/tpm-bypass\/\",\"url\":\"https:\/\/primespoof.com\/urun\/tpm-bypass\/\",\"name\":\"TPM Bypass: TPM Zorunlulu\u011funu Atlatmak\",\"isPartOf\":{\"@id\":\"https:\/\/primespoof.com\/#website\"},\"primaryImageOfPage\":{\"@id\":\"https:\/\/primespoof.com\/urun\/tpm-bypass\/#primaryimage\"},\"image\":{\"@id\":\"https:\/\/primespoof.com\/urun\/tpm-bypass\/#primaryimage\"},\"thumbnailUrl\":\"https:\/\/primespoof.com\/wp-content\/uploads\/2025\/12\/tpm-bypass-minimal.webp\",\"datePublished\":\"2025-12-18T21:36:38+00:00\",\"dateModified\":\"2026-01-11T01:08:23+00:00\",\"description\":\"TPM gereksinimi nedeniyle k\u0131s\u0131tlanan sistemlerde donan\u0131m y\u00fckseltmeye gerek kalmadan TPM kontrollerini bypass eden pratik ve teknik \u00e7\u00f6z\u00fcm.\",\"breadcrumb\":{\"@id\":\"https:\/\/primespoof.com\/urun\/tpm-bypass\/#breadcrumb\"},\"inLanguage\":\"en-US\",\"potentialAction\":[{\"@type\":\"ReadAction\",\"target\":[\"https:\/\/primespoof.com\/urun\/tpm-bypass\/\"]}]},{\"@type\":\"ImageObject\",\"inLanguage\":\"en-US\",\"@id\":\"https:\/\/primespoof.com\/urun\/tpm-bypass\/#primaryimage\",\"url\":\"https:\/\/primespoof.com\/wp-content\/uploads\/2025\/12\/tpm-bypass-minimal.webp\",\"contentUrl\":\"https:\/\/primespoof.com\/wp-content\/uploads\/2025\/12\/tpm-bypass-minimal.webp\",\"width\":1024,\"height\":1024},{\"@type\":\"BreadcrumbList\",\"@id\":\"https:\/\/primespoof.com\/urun\/tpm-bypass\/#breadcrumb\",\"itemListElement\":[{\"@type\":\"ListItem\",\"position\":1,\"name\":\"Anasayfa\",\"item\":\"https:\/\/primespoof.com\/\"},{\"@type\":\"ListItem\",\"position\":2,\"name\":\"Ma\u011faza\",\"item\":\"https:\/\/primespoof.com\/magaza\/\"},{\"@type\":\"ListItem\",\"position\":3,\"name\":\"TPM Bypass\"}]},{\"@type\":\"WebSite\",\"@id\":\"https:\/\/primespoof.com\/#website\",\"url\":\"https:\/\/primespoof.com\/\",\"name\":\"Prime Spoof\",\"description\":\"\u00c7evrimi\u00e7i Anonimlik ve G\u00fcvenlik \u00c7\u00f6z\u00fcmleri\",\"publisher\":{\"@id\":\"https:\/\/primespoof.com\/#organization\"},\"potentialAction\":[{\"@type\":\"SearchAction\",\"target\":{\"@type\":\"EntryPoint\",\"urlTemplate\":\"https:\/\/primespoof.com\/?s={search_term_string}\"},\"query-input\":{\"@type\":\"PropertyValueSpecification\",\"valueRequired\":true,\"valueName\":\"search_term_string\"}}],\"inLanguage\":\"en-US\"},{\"@type\":\"Organization\",\"@id\":\"https:\/\/primespoof.com\/#organization\",\"name\":\"Prime Spoof\",\"url\":\"https:\/\/primespoof.com\/\",\"logo\":{\"@type\":\"ImageObject\",\"inLanguage\":\"en-US\",\"@id\":\"https:\/\/primespoof.com\/#\/schema\/logo\/image\/\",\"url\":\"https:\/\/primespoof.com\/wp-content\/uploads\/2023\/03\/cropped-favicon-1.webp\",\"contentUrl\":\"https:\/\/primespoof.com\/wp-content\/uploads\/2023\/03\/cropped-favicon-1.webp\",\"width\":512,\"height\":512,\"caption\":\"Prime Spoof\"},\"image\":{\"@id\":\"https:\/\/primespoof.com\/#\/schema\/logo\/image\/\"}}]}<\/script>\n<!-- \/ Yoast SEO plugin. -->","yoast_head_json":{"title":"TPM Bypass: TPM Zorunlulu\u011funu Atlatmak","description":"TPM gereksinimi nedeniyle k\u0131s\u0131tlanan sistemlerde donan\u0131m y\u00fckseltmeye gerek kalmadan TPM kontrollerini bypass eden pratik ve teknik \u00e7\u00f6z\u00fcm.","robots":{"index":"index","follow":"follow","max-snippet":"max-snippet:-1","max-image-preview":"max-image-preview:large","max-video-preview":"max-video-preview:-1"},"canonical":"https:\/\/primespoof.com\/en\/product\/tpm-bypass\/","og_locale":"en_US","og_type":"article","og_title":"TPM Bypass: TPM Zorunlulu\u011funu Atlatmak","og_description":"TPM gereksinimi nedeniyle k\u0131s\u0131tlanan sistemlerde donan\u0131m y\u00fckseltmeye gerek kalmadan TPM kontrollerini bypass eden pratik ve teknik \u00e7\u00f6z\u00fcm.","og_url":"https:\/\/primespoof.com\/en\/product\/tpm-bypass\/","og_site_name":"Prime Spoof","article_modified_time":"2026-01-11T01:08:23+00:00","og_image":[{"width":1024,"height":1024,"url":"https:\/\/primespoof.com\/wp-content\/uploads\/2025\/12\/tpm-bypass-minimal.webp","type":"image\/webp"}],"twitter_card":"summary_large_image","twitter_misc":{"Est. reading time":"1 minute"},"schema":{"@context":"https:\/\/schema.org","@graph":[{"@type":"WebPage","@id":"https:\/\/primespoof.com\/urun\/tpm-bypass\/","url":"https:\/\/primespoof.com\/urun\/tpm-bypass\/","name":"TPM Bypass: TPM Zorunlulu\u011funu Atlatmak","isPartOf":{"@id":"https:\/\/primespoof.com\/#website"},"primaryImageOfPage":{"@id":"https:\/\/primespoof.com\/urun\/tpm-bypass\/#primaryimage"},"image":{"@id":"https:\/\/primespoof.com\/urun\/tpm-bypass\/#primaryimage"},"thumbnailUrl":"https:\/\/primespoof.com\/wp-content\/uploads\/2025\/12\/tpm-bypass-minimal.webp","datePublished":"2025-12-18T21:36:38+00:00","dateModified":"2026-01-11T01:08:23+00:00","description":"TPM gereksinimi nedeniyle k\u0131s\u0131tlanan sistemlerde donan\u0131m y\u00fckseltmeye gerek kalmadan TPM kontrollerini bypass eden pratik ve teknik \u00e7\u00f6z\u00fcm.","breadcrumb":{"@id":"https:\/\/primespoof.com\/urun\/tpm-bypass\/#breadcrumb"},"inLanguage":"en-US","potentialAction":[{"@type":"ReadAction","target":["https:\/\/primespoof.com\/urun\/tpm-bypass\/"]}]},{"@type":"ImageObject","inLanguage":"en-US","@id":"https:\/\/primespoof.com\/urun\/tpm-bypass\/#primaryimage","url":"https:\/\/primespoof.com\/wp-content\/uploads\/2025\/12\/tpm-bypass-minimal.webp","contentUrl":"https:\/\/primespoof.com\/wp-content\/uploads\/2025\/12\/tpm-bypass-minimal.webp","width":1024,"height":1024},{"@type":"BreadcrumbList","@id":"https:\/\/primespoof.com\/urun\/tpm-bypass\/#breadcrumb","itemListElement":[{"@type":"ListItem","position":1,"name":"Anasayfa","item":"https:\/\/primespoof.com\/"},{"@type":"ListItem","position":2,"name":"Ma\u011faza","item":"https:\/\/primespoof.com\/magaza\/"},{"@type":"ListItem","position":3,"name":"TPM Bypass"}]},{"@type":"WebSite","@id":"https:\/\/primespoof.com\/#website","url":"https:\/\/primespoof.com\/","name":"Prime Spoof","description":"\u00c7evrimi\u00e7i Anonimlik ve G\u00fcvenlik \u00c7\u00f6z\u00fcmleri","publisher":{"@id":"https:\/\/primespoof.com\/#organization"},"potentialAction":[{"@type":"SearchAction","target":{"@type":"EntryPoint","urlTemplate":"https:\/\/primespoof.com\/?s={search_term_string}"},"query-input":{"@type":"PropertyValueSpecification","valueRequired":true,"valueName":"search_term_string"}}],"inLanguage":"en-US"},{"@type":"Organization","@id":"https:\/\/primespoof.com\/#organization","name":"Prime Spoof","url":"https:\/\/primespoof.com\/","logo":{"@type":"ImageObject","inLanguage":"en-US","@id":"https:\/\/primespoof.com\/#\/schema\/logo\/image\/","url":"https:\/\/primespoof.com\/wp-content\/uploads\/2023\/03\/cropped-favicon-1.webp","contentUrl":"https:\/\/primespoof.com\/wp-content\/uploads\/2023\/03\/cropped-favicon-1.webp","width":512,"height":512,"caption":"Prime Spoof"},"image":{"@id":"https:\/\/primespoof.com\/#\/schema\/logo\/image\/"}}]}},"_links":{"self":[{"href":"https:\/\/primespoof.com\/en\/wp-json\/wp\/v2\/product\/24382","targetHints":{"allow":["GET"]}}],"collection":[{"href":"https:\/\/primespoof.com\/en\/wp-json\/wp\/v2\/product"}],"about":[{"href":"https:\/\/primespoof.com\/en\/wp-json\/wp\/v2\/types\/product"}],"replies":[{"embeddable":true,"href":"https:\/\/primespoof.com\/en\/wp-json\/wp\/v2\/comments?post=24382"}],"version-history":[{"count":0,"href":"https:\/\/primespoof.com\/en\/wp-json\/wp\/v2\/product\/24382\/revisions"}],"wp:featuredmedia":[{"embeddable":true,"href":"https:\/\/primespoof.com\/en\/wp-json\/wp\/v2\/media\/24440"}],"wp:attachment":[{"href":"https:\/\/primespoof.com\/en\/wp-json\/wp\/v2\/media?parent=24382"}],"wp:term":[{"taxonomy":"product_brand","embeddable":true,"href":"https:\/\/primespoof.com\/en\/wp-json\/wp\/v2\/product_brand?post=24382"},{"taxonomy":"product_cat","embeddable":true,"href":"https:\/\/primespoof.com\/en\/wp-json\/wp\/v2\/product_cat?post=24382"},{"taxonomy":"product_tag","embeddable":true,"href":"https:\/\/primespoof.com\/en\/wp-json\/wp\/v2\/product_tag?post=24382"}],"curies":[{"name":"wp","href":"https:\/\/api.w.org\/{rel}","templated":true}]}}