{"id":23913,"date":"2025-02-13T21:24:03","date_gmt":"2025-02-13T18:24:03","guid":{"rendered":"https:\/\/primespoof.com\/?post_type=product&#038;p=23913"},"modified":"2026-04-21T04:21:44","modified_gmt":"2026-04-21T01:21:44","slug":"hwid-spoofer","status":"publish","type":"product","link":"https:\/\/primespoof.com\/en\/product\/hwid-spoofer\/","title":{"rendered":"HWID Spoofer"},"content":{"rendered":"<div class=\"flex-shrink-0 flex flex-col relative items-end\">\n<p class=\"ng-star-inserted\"><span class=\"ng-star-inserted\">Has being banned from your favorite game because of the HWID ban ruined all your gaming fun? Trying different accounts but you can't get around the hardware ban? HWID Spoofer is designed to solve this problem once and for all. Our advanced technology allows you to securely change your hardware ID (HWID) with a single click, making you look like a new PC and getting you back in all games in no time. Forget bans, focus on victory!<\/span><\/p>\n<h3 class=\"ng-star-inserted\"><strong class=\"ng-star-inserted\"><span class=\"ng-star-inserted\">Why Prime Spoof is Different from the Competitors?<\/span><\/strong><\/h3>\n<p class=\"ng-star-inserted\"><span class=\"ng-star-inserted\">Unlike ordinary spoofer on the market, Prime Spoof doesn't just offer you a temporary solution; it provides a permanent and reliable shield of protection. Used by the most popular games\u00a0<\/span><strong class=\"ng-star-inserted\"><span class=\"ng-star-inserted\">Battleye, Easy Anti-Cheat (EAC) and Ricochet<\/span><\/strong><span class=\"ng-star-inserted\">\u00a0we are constantly updated to seamlessly bypass even the most demanding anti-cheating systems.<\/span><\/p>\n<p class=\"ng-star-inserted\"><strong class=\"ng-star-inserted\"><span class=\"ng-star-inserted\">Unique Advantages of Prime Spoof:<\/span><\/strong><\/p>\n<ul class=\"ng-star-inserted\">\n<li class=\"ng-star-inserted\">\n<p class=\"ng-star-inserted\"><strong class=\"ng-star-inserted\"><span class=\"ng-star-inserted\">%100 Tespit Edilemez Teknoloji:<\/span><\/strong><span class=\"ng-star-inserted\"> It makes you invisible to the latest anti-cheat software. Play with peace of mind, we've got your back.<\/span><\/p>\n<\/li>\n<li class=\"ng-star-inserted\">\n<p class=\"ng-star-inserted\"><strong class=\"ng-star-inserted\"><span class=\"ng-star-inserted\">Instant Change with One Click:<\/span><\/strong><span class=\"ng-star-inserted\"> No need to deal with complicated settings or technical know-how. Get a new hardware ID in seconds thanks to our user-friendly interface.<\/span><\/p>\n<\/li>\n<li class=\"ng-star-inserted\">\n<p class=\"ng-star-inserted\"><strong class=\"ng-star-inserted\"><span class=\"ng-star-inserted\">Wide Game Support:<\/span><\/strong><span class=\"ng-star-inserted\">\u00a0No matter what game you play, we've got you covered. Our Spoofer is fully compatible with hundreds of popular games, including<\/span><\/p>\n<ul class=\"ng-star-inserted\">\n<li class=\"ng-star-inserted\">\n<p class=\"ng-star-inserted\"><strong class=\"ng-star-inserted\"><span class=\"ng-star-inserted\">Valorant<\/span><\/strong><\/p>\n<\/li>\n<li class=\"ng-star-inserted\">\n<p class=\"ng-star-inserted\"><strong class=\"ng-star-inserted\"><span class=\"ng-star-inserted\">Call of Duty: Warzone &amp; MW3<\/span><\/strong><\/p>\n<\/li>\n<li class=\"ng-star-inserted\">\n<p class=\"ng-star-inserted\"><strong class=\"ng-star-inserted\"><span class=\"ng-star-inserted\">Apex Legends<\/span><\/strong><\/p>\n<\/li>\n<li class=\"ng-star-inserted\">\n<p class=\"ng-star-inserted\"><strong class=\"ng-star-inserted\"><span class=\"ng-star-inserted\">Fortnite<\/span><\/strong><\/p>\n<\/li>\n<li class=\"ng-star-inserted\">\n<p class=\"ng-star-inserted\"><strong class=\"ng-star-inserted\"><span class=\"ng-star-inserted\">Escape from Tarkov<\/span><\/strong><\/p>\n<\/li>\n<li class=\"ng-star-inserted\">\n<p class=\"ng-star-inserted\"><strong class=\"ng-star-inserted\"><span class=\"ng-star-inserted\">Rust<\/span><\/strong><\/p>\n<\/li>\n<li class=\"ng-star-inserted\">\n<p class=\"ng-star-inserted\"><strong class=\"ng-star-inserted\"><span class=\"ng-star-inserted\">FiveM &amp; Red Dead Online<\/span><\/strong><\/p>\n<\/li>\n<li class=\"ng-star-inserted\">\n<p class=\"ng-star-inserted\"><span class=\"ng-star-inserted\">And much more!<\/span><\/p>\n<\/li>\n<\/ul>\n<\/li>\n<li class=\"ng-star-inserted\">\n<p class=\"ng-star-inserted\"><strong class=\"ng-star-inserted\"><span class=\"ng-star-inserted\">Permanent and Reliable Solution:<\/span><\/strong><span class=\"ng-star-inserted\">\u00a0Eliminate the HWID ban problem completely without having to format or replace expensive hardware components.<\/span><\/p>\n<\/li>\n<li class=\"ng-star-inserted\">\n<p class=\"ng-star-inserted\"><strong class=\"ng-star-inserted\"><span class=\"ng-star-inserted\">24\/7 Live Support:<\/span><\/strong><span class=\"ng-star-inserted\"> Our team of experts is just a click away when you encounter any problem or need help.<\/span><\/p>\n<\/li>\n<\/ul>\n<h3 class=\"ng-star-inserted\"><strong class=\"ng-star-inserted\"><span class=\"ng-star-inserted\">Get Your Freedom in Just 3 Steps<\/span><\/strong><\/h3>\n<p class=\"ng-star-inserted\"><span class=\"ng-star-inserted\">Breaking bans has never been so easy:<\/span><\/p>\n<ol class=\"ng-star-inserted\">\n<li class=\"ng-star-inserted\">\n<p class=\"ng-star-inserted\"><strong class=\"ng-star-inserted\"><span class=\"ng-star-inserted\">Buy and Download:<\/span><\/strong><span class=\"ng-star-inserted\"> Choose the license that suits you best (Monthly or Unlimited) and download the software instantly.<\/span><\/p>\n<\/li>\n<li class=\"ng-star-inserted\">\n<p class=\"ng-star-inserted\"><strong class=\"ng-star-inserted\"><span class=\"ng-star-inserted\">Run the Spoofer:<\/span><\/strong><span class=\"ng-star-inserted\">\u00a0Open the program and change your hardware ID by clicking on the \"Spoof\" button.<\/span><\/p>\n<\/li>\n<li class=\"ng-star-inserted\">\n<p class=\"ng-star-inserted\"><strong class=\"ng-star-inserted\"><span class=\"ng-star-inserted\">Go back to the game:<\/span><\/strong><span class=\"ng-star-inserted\">\u00a0Congratulations! Your ban is now lifted. You can continue to enjoy the game from where you left off.<\/span><\/p>\n<\/li>\n<\/ol>\n<h3 class=\"ng-star-inserted\"><strong class=\"ng-star-inserted\"><span class=\"ng-star-inserted\">Don't let your gaming adventure be interrupted!<\/span><\/strong><\/h3>\n<p class=\"ng-star-inserted\"><span class=\"ng-star-inserted\">Don't let HWID bans stop your passion for gaming. Take back control with Prime Spoof, trusted by thousands of gamers.<\/span><\/p>\n<p class=\"ng-star-inserted\"><strong class=\"ng-star-inserted\"><span class=\"ng-star-inserted\">Purchase a license now and unlock uninterrupted gaming experience!<\/span><\/strong><span class=\"ng-star-inserted\"> \ud83d\ude80<br \/>\n<\/span><\/p>\n<h3>Video<\/h3>\n<div style=\"width: 1920px;\" class=\"wp-video\"><video class=\"wp-video-shortcode\" id=\"video-23913-1\" width=\"1920\" height=\"1080\" preload=\"none\" controls=\"controls\"><source type=\"video\/mp4\" src=\"https:\/\/primespoof.com\/wp-content\/uploads\/2025\/02\/hwidmax.mp4?_=1\" \/><a href=\"https:\/\/primespoof.com\/wp-content\/uploads\/2025\/02\/hwidmax.mp4\">https:\/\/primespoof.com\/wp-content\/uploads\/2025\/02\/hwidmax.mp4<\/a><\/video><\/div>\n<\/div>","protected":false},"excerpt":{"rendered":"<p>Has being locked out of your favorite game because of the HWID ban ruined all your gaming fun? Trying different accounts, but still unable to bypass the hardware ban?<\/p>","protected":false},"featured_media":23633,"comment_status":"closed","ping_status":"closed","template":"","meta":[],"product_brand":[],"product_cat":[79],"product_tag":[],"class_list":{"0":"post-23913","1":"product","2":"type-product","3":"status-publish","4":"has-post-thumbnail","6":"product_cat-anonimlik-yazilimlari","8":"first","9":"instock","10":"shipping-taxable","11":"purchasable","12":"product-type-variable"},"yoast_head":"<!-- This site is optimized with the Yoast SEO plugin v26.1.1 - https:\/\/yoast.com\/wordpress\/plugins\/seo\/ -->\n<title>HWID Spoofer Sat\u0131n Al | Kal\u0131c\u0131 HWID Ban Kald\u0131rma \u00c7\u00f6z\u00fcm\u00fc<\/title>\n<meta name=\"description\" content=\"En geli\u015fmi\u015f HWID Spoofer ile tan\u0131\u015f\u0131n. Valorant, Apex, CoD gibi pop\u00fcler oyunlarda tespit edilemez koruma. HWID ban sorununa k\u00f6kten \u00e7\u00f6z\u00fcm. Hemen sat\u0131n al\u0131n!\" \/>\n<meta name=\"robots\" content=\"index, follow, max-snippet:-1, max-image-preview:large, max-video-preview:-1\" \/>\n<link rel=\"canonical\" href=\"https:\/\/primespoof.com\/en\/product\/hwid-spoofer\/\" \/>\n<meta property=\"og:locale\" content=\"en_US\" \/>\n<meta property=\"og:type\" content=\"article\" \/>\n<meta property=\"og:title\" content=\"HWID Spoofer Sat\u0131n Al | Kal\u0131c\u0131 HWID Ban Kald\u0131rma \u00c7\u00f6z\u00fcm\u00fc\" \/>\n<meta property=\"og:description\" content=\"En geli\u015fmi\u015f HWID Spoofer ile tan\u0131\u015f\u0131n. Valorant, Apex, CoD gibi pop\u00fcler oyunlarda tespit edilemez koruma. HWID ban sorununa k\u00f6kten \u00e7\u00f6z\u00fcm. Hemen sat\u0131n al\u0131n!\" \/>\n<meta property=\"og:url\" content=\"https:\/\/primespoof.com\/en\/product\/hwid-spoofer\/\" \/>\n<meta property=\"og:site_name\" content=\"Prime Spoof\" \/>\n<meta property=\"article:modified_time\" content=\"2026-04-21T01:21:44+00:00\" \/>\n<meta property=\"og:image\" content=\"https:\/\/primespoof.com\/wp-content\/uploads\/2025\/02\/hwid-spoofing.png\" \/>\n\t<meta property=\"og:image:width\" content=\"1563\" \/>\n\t<meta property=\"og:image:height\" content=\"1563\" \/>\n\t<meta property=\"og:image:type\" content=\"image\/png\" \/>\n<meta name=\"twitter:card\" content=\"summary_large_image\" \/>\n<meta name=\"twitter:label1\" content=\"Est. reading time\" \/>\n\t<meta name=\"twitter:data1\" content=\"3 minutes\" \/>\n<script type=\"application\/ld+json\" class=\"yoast-schema-graph\">{\"@context\":\"https:\/\/schema.org\",\"@graph\":[{\"@type\":\"WebPage\",\"@id\":\"https:\/\/primespoof.com\/urun\/hwid-spoofer\/\",\"url\":\"https:\/\/primespoof.com\/urun\/hwid-spoofer\/\",\"name\":\"HWID Spoofer Sat\u0131n Al | Kal\u0131c\u0131 HWID Ban Kald\u0131rma \u00c7\u00f6z\u00fcm\u00fc\",\"isPartOf\":{\"@id\":\"https:\/\/primespoof.com\/#website\"},\"primaryImageOfPage\":{\"@id\":\"https:\/\/primespoof.com\/urun\/hwid-spoofer\/#primaryimage\"},\"image\":{\"@id\":\"https:\/\/primespoof.com\/urun\/hwid-spoofer\/#primaryimage\"},\"thumbnailUrl\":\"https:\/\/primespoof.com\/wp-content\/uploads\/2025\/02\/hwid-spoofing.png\",\"datePublished\":\"2025-02-13T18:24:03+00:00\",\"dateModified\":\"2026-04-21T01:21:44+00:00\",\"description\":\"En geli\u015fmi\u015f HWID Spoofer ile tan\u0131\u015f\u0131n. Valorant, Apex, CoD gibi pop\u00fcler oyunlarda tespit edilemez koruma. HWID ban sorununa k\u00f6kten \u00e7\u00f6z\u00fcm. Hemen sat\u0131n al\u0131n!\",\"breadcrumb\":{\"@id\":\"https:\/\/primespoof.com\/urun\/hwid-spoofer\/#breadcrumb\"},\"inLanguage\":\"en-US\",\"potentialAction\":[{\"@type\":\"ReadAction\",\"target\":[\"https:\/\/primespoof.com\/urun\/hwid-spoofer\/\"]}]},{\"@type\":\"ImageObject\",\"inLanguage\":\"en-US\",\"@id\":\"https:\/\/primespoof.com\/urun\/hwid-spoofer\/#primaryimage\",\"url\":\"https:\/\/primespoof.com\/wp-content\/uploads\/2025\/02\/hwid-spoofing.png\",\"contentUrl\":\"https:\/\/primespoof.com\/wp-content\/uploads\/2025\/02\/hwid-spoofing.png\",\"width\":1563,\"height\":1563},{\"@type\":\"BreadcrumbList\",\"@id\":\"https:\/\/primespoof.com\/urun\/hwid-spoofer\/#breadcrumb\",\"itemListElement\":[{\"@type\":\"ListItem\",\"position\":1,\"name\":\"Anasayfa\",\"item\":\"https:\/\/primespoof.com\/\"},{\"@type\":\"ListItem\",\"position\":2,\"name\":\"Ma\u011faza\",\"item\":\"https:\/\/primespoof.com\/magaza\/\"},{\"@type\":\"ListItem\",\"position\":3,\"name\":\"HWID Spoofer\"}]},{\"@type\":\"WebSite\",\"@id\":\"https:\/\/primespoof.com\/#website\",\"url\":\"https:\/\/primespoof.com\/\",\"name\":\"Prime Spoof\",\"description\":\"\u00c7evrimi\u00e7i Anonimlik ve G\u00fcvenlik \u00c7\u00f6z\u00fcmleri\",\"publisher\":{\"@id\":\"https:\/\/primespoof.com\/#organization\"},\"potentialAction\":[{\"@type\":\"SearchAction\",\"target\":{\"@type\":\"EntryPoint\",\"urlTemplate\":\"https:\/\/primespoof.com\/?s={search_term_string}\"},\"query-input\":{\"@type\":\"PropertyValueSpecification\",\"valueRequired\":true,\"valueName\":\"search_term_string\"}}],\"inLanguage\":\"en-US\"},{\"@type\":\"Organization\",\"@id\":\"https:\/\/primespoof.com\/#organization\",\"name\":\"Prime Spoof\",\"url\":\"https:\/\/primespoof.com\/\",\"logo\":{\"@type\":\"ImageObject\",\"inLanguage\":\"en-US\",\"@id\":\"https:\/\/primespoof.com\/#\/schema\/logo\/image\/\",\"url\":\"https:\/\/primespoof.com\/wp-content\/uploads\/2023\/03\/cropped-favicon-1.webp\",\"contentUrl\":\"https:\/\/primespoof.com\/wp-content\/uploads\/2023\/03\/cropped-favicon-1.webp\",\"width\":512,\"height\":512,\"caption\":\"Prime Spoof\"},\"image\":{\"@id\":\"https:\/\/primespoof.com\/#\/schema\/logo\/image\/\"}}]}<\/script>\n<!-- \/ Yoast SEO plugin. -->","yoast_head_json":{"title":"HWID Spoofer Sat\u0131n Al | Kal\u0131c\u0131 HWID Ban Kald\u0131rma \u00c7\u00f6z\u00fcm\u00fc","description":"En geli\u015fmi\u015f HWID Spoofer ile tan\u0131\u015f\u0131n. Valorant, Apex, CoD gibi pop\u00fcler oyunlarda tespit edilemez koruma. HWID ban sorununa k\u00f6kten \u00e7\u00f6z\u00fcm. Hemen sat\u0131n al\u0131n!","robots":{"index":"index","follow":"follow","max-snippet":"max-snippet:-1","max-image-preview":"max-image-preview:large","max-video-preview":"max-video-preview:-1"},"canonical":"https:\/\/primespoof.com\/en\/product\/hwid-spoofer\/","og_locale":"en_US","og_type":"article","og_title":"HWID Spoofer Sat\u0131n Al | Kal\u0131c\u0131 HWID Ban Kald\u0131rma \u00c7\u00f6z\u00fcm\u00fc","og_description":"En geli\u015fmi\u015f HWID Spoofer ile tan\u0131\u015f\u0131n. Valorant, Apex, CoD gibi pop\u00fcler oyunlarda tespit edilemez koruma. HWID ban sorununa k\u00f6kten \u00e7\u00f6z\u00fcm. Hemen sat\u0131n al\u0131n!","og_url":"https:\/\/primespoof.com\/en\/product\/hwid-spoofer\/","og_site_name":"Prime Spoof","article_modified_time":"2026-04-21T01:21:44+00:00","og_image":[{"width":1563,"height":1563,"url":"https:\/\/primespoof.com\/wp-content\/uploads\/2025\/02\/hwid-spoofing.png","type":"image\/png"}],"twitter_card":"summary_large_image","twitter_misc":{"Est. reading time":"3 minutes"},"schema":{"@context":"https:\/\/schema.org","@graph":[{"@type":"WebPage","@id":"https:\/\/primespoof.com\/urun\/hwid-spoofer\/","url":"https:\/\/primespoof.com\/urun\/hwid-spoofer\/","name":"HWID Spoofer Sat\u0131n Al | Kal\u0131c\u0131 HWID Ban Kald\u0131rma \u00c7\u00f6z\u00fcm\u00fc","isPartOf":{"@id":"https:\/\/primespoof.com\/#website"},"primaryImageOfPage":{"@id":"https:\/\/primespoof.com\/urun\/hwid-spoofer\/#primaryimage"},"image":{"@id":"https:\/\/primespoof.com\/urun\/hwid-spoofer\/#primaryimage"},"thumbnailUrl":"https:\/\/primespoof.com\/wp-content\/uploads\/2025\/02\/hwid-spoofing.png","datePublished":"2025-02-13T18:24:03+00:00","dateModified":"2026-04-21T01:21:44+00:00","description":"En geli\u015fmi\u015f HWID Spoofer ile tan\u0131\u015f\u0131n. Valorant, Apex, CoD gibi pop\u00fcler oyunlarda tespit edilemez koruma. HWID ban sorununa k\u00f6kten \u00e7\u00f6z\u00fcm. Hemen sat\u0131n al\u0131n!","breadcrumb":{"@id":"https:\/\/primespoof.com\/urun\/hwid-spoofer\/#breadcrumb"},"inLanguage":"en-US","potentialAction":[{"@type":"ReadAction","target":["https:\/\/primespoof.com\/urun\/hwid-spoofer\/"]}]},{"@type":"ImageObject","inLanguage":"en-US","@id":"https:\/\/primespoof.com\/urun\/hwid-spoofer\/#primaryimage","url":"https:\/\/primespoof.com\/wp-content\/uploads\/2025\/02\/hwid-spoofing.png","contentUrl":"https:\/\/primespoof.com\/wp-content\/uploads\/2025\/02\/hwid-spoofing.png","width":1563,"height":1563},{"@type":"BreadcrumbList","@id":"https:\/\/primespoof.com\/urun\/hwid-spoofer\/#breadcrumb","itemListElement":[{"@type":"ListItem","position":1,"name":"Anasayfa","item":"https:\/\/primespoof.com\/"},{"@type":"ListItem","position":2,"name":"Ma\u011faza","item":"https:\/\/primespoof.com\/magaza\/"},{"@type":"ListItem","position":3,"name":"HWID Spoofer"}]},{"@type":"WebSite","@id":"https:\/\/primespoof.com\/#website","url":"https:\/\/primespoof.com\/","name":"Prime Spoof","description":"\u00c7evrimi\u00e7i Anonimlik ve G\u00fcvenlik \u00c7\u00f6z\u00fcmleri","publisher":{"@id":"https:\/\/primespoof.com\/#organization"},"potentialAction":[{"@type":"SearchAction","target":{"@type":"EntryPoint","urlTemplate":"https:\/\/primespoof.com\/?s={search_term_string}"},"query-input":{"@type":"PropertyValueSpecification","valueRequired":true,"valueName":"search_term_string"}}],"inLanguage":"en-US"},{"@type":"Organization","@id":"https:\/\/primespoof.com\/#organization","name":"Prime Spoof","url":"https:\/\/primespoof.com\/","logo":{"@type":"ImageObject","inLanguage":"en-US","@id":"https:\/\/primespoof.com\/#\/schema\/logo\/image\/","url":"https:\/\/primespoof.com\/wp-content\/uploads\/2023\/03\/cropped-favicon-1.webp","contentUrl":"https:\/\/primespoof.com\/wp-content\/uploads\/2023\/03\/cropped-favicon-1.webp","width":512,"height":512,"caption":"Prime Spoof"},"image":{"@id":"https:\/\/primespoof.com\/#\/schema\/logo\/image\/"}}]}},"_links":{"self":[{"href":"https:\/\/primespoof.com\/en\/wp-json\/wp\/v2\/product\/23913","targetHints":{"allow":["GET"]}}],"collection":[{"href":"https:\/\/primespoof.com\/en\/wp-json\/wp\/v2\/product"}],"about":[{"href":"https:\/\/primespoof.com\/en\/wp-json\/wp\/v2\/types\/product"}],"replies":[{"embeddable":true,"href":"https:\/\/primespoof.com\/en\/wp-json\/wp\/v2\/comments?post=23913"}],"version-history":[{"count":1,"href":"https:\/\/primespoof.com\/en\/wp-json\/wp\/v2\/product\/23913\/revisions"}],"predecessor-version":[{"id":24650,"href":"https:\/\/primespoof.com\/en\/wp-json\/wp\/v2\/product\/23913\/revisions\/24650"}],"wp:featuredmedia":[{"embeddable":true,"href":"https:\/\/primespoof.com\/en\/wp-json\/wp\/v2\/media\/23633"}],"wp:attachment":[{"href":"https:\/\/primespoof.com\/en\/wp-json\/wp\/v2\/media?parent=23913"}],"wp:term":[{"taxonomy":"product_brand","embeddable":true,"href":"https:\/\/primespoof.com\/en\/wp-json\/wp\/v2\/product_brand?post=23913"},{"taxonomy":"product_cat","embeddable":true,"href":"https:\/\/primespoof.com\/en\/wp-json\/wp\/v2\/product_cat?post=23913"},{"taxonomy":"product_tag","embeddable":true,"href":"https:\/\/primespoof.com\/en\/wp-json\/wp\/v2\/product_tag?post=23913"}],"curies":[{"name":"wp","href":"https:\/\/api.w.org\/{rel}","templated":true}]}}